{"id":861,"date":"2021-02-06T13:00:41","date_gmt":"2021-02-06T12:00:41","guid":{"rendered":"http:\/\/www.velketresne.cz\/?page_id=861"},"modified":"2023-11-19T16:30:23","modified_gmt":"2023-11-19T15:30:23","slug":"kontakt","status":"publish","type":"page","link":"https:\/\/www.velketresne.cz\/?page_id=861","title":{"rendered":"Kontakt"},"content":{"rendered":"\n<h3 class=\"wp-block-heading\" id=\"sites-page-title-header\">Obecn\u00ed \u00fa\u0159ad Velk\u00e9 Tresn\u00e9<\/h3>\n\n\n\n<p>Adresa: Velk\u00e9 Tresn\u00e9 1, 592 65 Rove\u010dn\u00e9<br>I\u010cO obce: 00842451<br>ID Datov\u00e9 schr\u00e1nky: wgjbpkw<br>E-mail: velke.tresne@gmail.com<br>Telefon: 725 101 205<\/p>\n\n\n\n<p>\u00da\u0159edn\u00ed hodiny: Dle domluvy<\/p>\n\n\n\n<p>Starosta: Mgr. David Pecina<br>M\u00edstostarostka: Renata Un\u010dovsk\u00e1<br><\/p>\n\n\n\n<div class=\"wp-block-columns is-layout-flex wp-container-core-columns-is-layout-9d6595d7 wp-block-columns-is-layout-flex\">\n<div class=\"wp-block-column is-layout-flow wp-block-column-is-layout-flow\">\n<p><iframe loading=\"lazy\" src=\"https:\/\/www.google.com\/maps\/embed?pb=!1m18!1m12!1m3!1d1293.6123572880306!2d16.380604958282802!3d49.574649994841025!2m3!1f0!2f0!3f0!3m2!1i1024!2i768!4f13.1!3m3!1m2!1s0x470d80c2b35bbffd%3A0xa01451d19ef862d4!2zVmVsa8OpIFRyZXNuw6kgMSwgNTkyIDY1IFZlbGvDqSBUcmVzbsOp!5e0!3m2!1scs!2scz!4v1612619668160!5m2!1scs!2scz\" width=\"600\" height=\"450\" frameborder=\"0\" style=\"border:0;\" allowfullscreen=\"\" aria-hidden=\"false\" tabindex=\"0\"><\/iframe><\/p>\n<\/div>\n<\/div>\n","protected":false},"excerpt":{"rendered":"<p>Obecn\u00ed \u00fa\u0159ad Velk\u00e9 Tresn\u00e9 Adresa: Velk\u00e9 Tresn\u00e9 1, 592 65 Rove\u010dn\u00e9I\u010cO obce: 00842451ID Datov\u00e9 schr\u00e1nky: wgjbpkwE-mail: velke.tresne@gmail.comTelefon: 725 101 205 \u00da\u0159edn\u00ed hodiny: Dle domluvy Starosta: Mgr. David PecinaM\u00edstostarostka: Renata Un\u010dovsk\u00e1<\/p>\n","protected":false},"author":1,"featured_media":0,"parent":0,"menu_order":0,"comment_status":"closed","ping_status":"closed","template":"","meta":{"footnotes":""},"class_list":["post-861","page","type-page","status-publish","hentry"],"_links":{"self":[{"href":"https:\/\/www.velketresne.cz\/index.php?rest_route=\/wp\/v2\/pages\/861","targetHints":{"allow":["GET"]}}],"collection":[{"href":"https:\/\/www.velketresne.cz\/index.php?rest_route=\/wp\/v2\/pages"}],"about":[{"href":"https:\/\/www.velketresne.cz\/index.php?rest_route=\/wp\/v2\/types\/page"}],"author":[{"embeddable":true,"href":"https:\/\/www.velketresne.cz\/index.php?rest_route=\/wp\/v2\/users\/1"}],"replies":[{"embeddable":true,"href":"https:\/\/www.velketresne.cz\/index.php?rest_route=%2Fwp%2Fv2%2Fcomments&post=861"}],"version-history":[{"count":6,"href":"https:\/\/www.velketresne.cz\/index.php?rest_route=\/wp\/v2\/pages\/861\/revisions"}],"predecessor-version":[{"id":1299,"href":"https:\/\/www.velketresne.cz\/index.php?rest_route=\/wp\/v2\/pages\/861\/revisions\/1299"}],"wp:attachment":[{"href":"https:\/\/www.velketresne.cz\/index.php?rest_route=%2Fwp%2Fv2%2Fmedia&parent=861"}],"curies":[{"name":"wp","href":"https:\/\/api.w.org\/{rel}","templated":true}]}}