{"id":784,"date":"2021-02-05T23:38:31","date_gmt":"2021-02-05T22:38:31","guid":{"rendered":"http:\/\/www.velketresne.cz\/?page_id=784"},"modified":"2021-02-17T09:25:02","modified_gmt":"2021-02-17T08:25:02","slug":"vitejte-ve-velkem-tresnem","status":"publish","type":"page","link":"https:\/\/www.velketresne.cz\/","title":{"rendered":"V\u00edtejte ve Velk\u00e9m Tresn\u00e9m"},"content":{"rendered":"\n<div class=\"wp-block-columns is-layout-flex wp-container-core-columns-is-layout-9d6595d7 wp-block-columns-is-layout-flex\">\n<div class=\"wp-block-column is-layout-flow wp-block-column-is-layout-flow\">\n<figure class=\"wp-block-image size-large is-resized is-style-rounded\"><a href=\"https:\/\/www.velketresne.cz\/?page_id=786\"><img loading=\"lazy\" decoding=\"async\" src=\"https:\/\/www.velketresne.cz\/wp-content\/uploads\/2021\/02\/147160923_177621823734154_2998177869878804099_n.png\" alt=\"\" class=\"wp-image-856\" width=\"139\" height=\"171\" srcset=\"https:\/\/www.velketresne.cz\/wp-content\/uploads\/2021\/02\/147160923_177621823734154_2998177869878804099_n.png 556w, https:\/\/www.velketresne.cz\/wp-content\/uploads\/2021\/02\/147160923_177621823734154_2998177869878804099_n-244x300.png 244w, https:\/\/www.velketresne.cz\/wp-content\/uploads\/2021\/02\/147160923_177621823734154_2998177869878804099_n-140x172.png 140w\" sizes=\"auto, (max-width: 139px) 100vw, 139px\" \/><\/a><\/figure>\n<\/div>\n\n\n\n<div class=\"wp-block-column is-layout-flow wp-block-column-is-layout-flow\">\n<figure class=\"wp-block-image size-large is-resized is-style-rounded\"><a href=\"https:\/\/www.velketresne.cz\/?page_id=787\"><img loading=\"lazy\" decoding=\"async\" src=\"https:\/\/www.velketresne.cz\/wp-content\/uploads\/2021\/02\/147073696_694095001288238_5738730758751561696_n.png\" alt=\"\" class=\"wp-image-857\" width=\"139\" height=\"171\" srcset=\"https:\/\/www.velketresne.cz\/wp-content\/uploads\/2021\/02\/147073696_694095001288238_5738730758751561696_n.png 556w, https:\/\/www.velketresne.cz\/wp-content\/uploads\/2021\/02\/147073696_694095001288238_5738730758751561696_n-244x300.png 244w, https:\/\/www.velketresne.cz\/wp-content\/uploads\/2021\/02\/147073696_694095001288238_5738730758751561696_n-140x172.png 140w\" sizes=\"auto, (max-width: 139px) 100vw, 139px\" \/><\/a><\/figure>\n<\/div>\n\n\n\n<div class=\"wp-block-column is-layout-flow wp-block-column-is-layout-flow\">\n<figure class=\"wp-block-image size-large is-resized is-style-rounded\"><a href=\"https:\/\/www.velketresne.cz\/?page_id=785\"><img loading=\"lazy\" decoding=\"async\" src=\"https:\/\/www.velketresne.cz\/wp-content\/uploads\/2021\/02\/147788604_896275251139282_3734984040994342762_n.png\" alt=\"\" class=\"wp-image-858\" width=\"139\" height=\"171\" srcset=\"https:\/\/www.velketresne.cz\/wp-content\/uploads\/2021\/02\/147788604_896275251139282_3734984040994342762_n.png 556w, https:\/\/www.velketresne.cz\/wp-content\/uploads\/2021\/02\/147788604_896275251139282_3734984040994342762_n-244x300.png 244w, https:\/\/www.velketresne.cz\/wp-content\/uploads\/2021\/02\/147788604_896275251139282_3734984040994342762_n-140x172.png 140w\" sizes=\"auto, (max-width: 139px) 100vw, 139px\" \/><\/a><\/figure>\n<\/div>\n<\/div>\n\n\n\n<div class=\"wp-block-columns is-layout-flex wp-container-core-columns-is-layout-9d6595d7 wp-block-columns-is-layout-flex\">\n<div class=\"wp-block-column is-layout-flow wp-block-column-is-layout-flow\">\n<figure class=\"wp-block-image size-large is-resized is-style-rounded\"><a href=\"https:\/\/www.velketresne.cz\/?page_id=861\"><img loading=\"lazy\" decoding=\"async\" src=\"https:\/\/www.velketresne.cz\/wp-content\/uploads\/2021\/02\/146494579_1042157379628504_9140626199081950175_n-1.png\" alt=\"\" class=\"wp-image-859\" width=\"139\" height=\"171\" srcset=\"https:\/\/www.velketresne.cz\/wp-content\/uploads\/2021\/02\/146494579_1042157379628504_9140626199081950175_n-1.png 556w, https:\/\/www.velketresne.cz\/wp-content\/uploads\/2021\/02\/146494579_1042157379628504_9140626199081950175_n-1-244x300.png 244w, https:\/\/www.velketresne.cz\/wp-content\/uploads\/2021\/02\/146494579_1042157379628504_9140626199081950175_n-1-140x172.png 140w\" sizes=\"auto, (max-width: 139px) 100vw, 139px\" \/><\/a><\/figure>\n<\/div>\n\n\n\n<div class=\"wp-block-column is-layout-flow wp-block-column-is-layout-flow\">\n<figure class=\"wp-block-image size-large is-resized is-style-rounded\"><a href=\"https:\/\/www.velketresne.cz\/?page_id=64\"><img loading=\"lazy\" decoding=\"async\" src=\"https:\/\/www.velketresne.cz\/wp-content\/uploads\/2021\/02\/147395125_713137219394277_6465857441742838336_n.png\" alt=\"\" class=\"wp-image-881\" width=\"139\" height=\"171\" srcset=\"https:\/\/www.velketresne.cz\/wp-content\/uploads\/2021\/02\/147395125_713137219394277_6465857441742838336_n.png 556w, https:\/\/www.velketresne.cz\/wp-content\/uploads\/2021\/02\/147395125_713137219394277_6465857441742838336_n-244x300.png 244w, https:\/\/www.velketresne.cz\/wp-content\/uploads\/2021\/02\/147395125_713137219394277_6465857441742838336_n-140x172.png 140w\" sizes=\"auto, (max-width: 139px) 100vw, 139px\" \/><\/a><\/figure>\n<\/div>\n\n\n\n<div class=\"wp-block-column is-layout-flow wp-block-column-is-layout-flow\">\n<figure class=\"wp-block-image size-large is-resized is-style-rounded\"><a href=\"https:\/\/www.velketresne.cz\/?page_id=12\"><img loading=\"lazy\" decoding=\"async\" src=\"https:\/\/www.velketresne.cz\/wp-content\/uploads\/2021\/02\/147021456_1265193900520297_3580979706430482434_n.png\" alt=\"\" class=\"wp-image-882\" width=\"139\" height=\"171\" srcset=\"https:\/\/www.velketresne.cz\/wp-content\/uploads\/2021\/02\/147021456_1265193900520297_3580979706430482434_n.png 556w, https:\/\/www.velketresne.cz\/wp-content\/uploads\/2021\/02\/147021456_1265193900520297_3580979706430482434_n-244x300.png 244w, https:\/\/www.velketresne.cz\/wp-content\/uploads\/2021\/02\/147021456_1265193900520297_3580979706430482434_n-140x172.png 140w\" sizes=\"auto, (max-width: 139px) 100vw, 139px\" \/><\/a><\/figure>\n<\/div>\n<\/div>\n","protected":false},"excerpt":{"rendered":"","protected":false},"author":1,"featured_media":0,"parent":0,"menu_order":0,"comment_status":"closed","ping_status":"closed","template":"","meta":{"footnotes":""},"class_list":["post-784","page","type-page","status-publish","hentry"],"_links":{"self":[{"href":"https:\/\/www.velketresne.cz\/index.php?rest_route=\/wp\/v2\/pages\/784","targetHints":{"allow":["GET"]}}],"collection":[{"href":"https:\/\/www.velketresne.cz\/index.php?rest_route=\/wp\/v2\/pages"}],"about":[{"href":"https:\/\/www.velketresne.cz\/index.php?rest_route=\/wp\/v2\/types\/page"}],"author":[{"embeddable":true,"href":"https:\/\/www.velketresne.cz\/index.php?rest_route=\/wp\/v2\/users\/1"}],"replies":[{"embeddable":true,"href":"https:\/\/www.velketresne.cz\/index.php?rest_route=%2Fwp%2Fv2%2Fcomments&post=784"}],"version-history":[{"count":9,"href":"https:\/\/www.velketresne.cz\/index.php?rest_route=\/wp\/v2\/pages\/784\/revisions"}],"predecessor-version":[{"id":911,"href":"https:\/\/www.velketresne.cz\/index.php?rest_route=\/wp\/v2\/pages\/784\/revisions\/911"}],"wp:attachment":[{"href":"https:\/\/www.velketresne.cz\/index.php?rest_route=%2Fwp%2Fv2%2Fmedia&parent=784"}],"curies":[{"name":"wp","href":"https:\/\/api.w.org\/{rel}","templated":true}]}}