{"id":64,"date":"2015-06-07T15:51:49","date_gmt":"2015-06-07T13:51:49","guid":{"rendered":"http:\/\/www.velketresne.cz\/?page_id=64"},"modified":"2015-06-07T16:08:49","modified_gmt":"2015-06-07T14:08:49","slug":"galerie","status":"publish","type":"page","link":"https:\/\/www.velketresne.cz\/?page_id=64","title":{"rendered":"Galerie"},"content":{"rendered":"<h2 style=\"text-align: center;\">Pro zobrazen\u00ed galerie klepn\u011bte na sn\u00edmek<\/h2>\n<h3 style=\"text-align: center;\">\u00a0Zima 2014<br \/>\n<a href=\"https:\/\/onedrive.live.com\/redir?resid=7fbec28abc598368!1237&amp;authkey=!AAhVEOH9aMwlGrA&amp;ithint=folder%2cJPG\"><img loading=\"lazy\" decoding=\"async\" class=\" size-full wp-image-68 aligncenter\" src=\"http:\/\/www.velketresne.cz\/wp-content\/uploads\/2015\/06\/zima2014.jpg\" alt=\"zima2014\" width=\"150\" height=\"100\" \/><\/a><\/h3>\n<h3 style=\"text-align: center;\">\u00a0Jaro 2015<br \/>\n<a href=\"https:\/\/onedrive.live.com\/redir?resid=7fbec28abc598368!1236&amp;authkey=!AGtMiFaD8bNQiw8&amp;ithint=folder%2cJPG\"><img loading=\"lazy\" decoding=\"async\" class=\"alignnone size-full wp-image-66\" src=\"http:\/\/www.velketresne.cz\/wp-content\/uploads\/2015\/06\/jaro2015.jpg\" alt=\"jaro2015\" width=\"150\" height=\"100\" \/><\/a><\/h3>\n<h3 style=\"text-align: center;\">Mraky 2015<br \/>\n<a href=\"https:\/\/onedrive.live.com\/redir?resid=7fbec28abc598368!1251&amp;authkey=!AMUERDexeItFCbY&amp;ithint=folder%2cJPG\"><img loading=\"lazy\" decoding=\"async\" class=\"alignnone size-full wp-image-67\" src=\"http:\/\/www.velketresne.cz\/wp-content\/uploads\/2015\/06\/mraky2015.jpg\" alt=\"mraky2015\" width=\"150\" height=\"100\" \/><\/a><\/h3>\n<p style=\"text-align: center;\">\n","protected":false},"excerpt":{"rendered":"<p>Pro zobrazen\u00ed galerie klepn\u011bte na sn\u00edmek \u00a0Zima 2014 \u00a0Jaro 2015 Mraky 2015<\/p>\n","protected":false},"author":1,"featured_media":0,"parent":0,"menu_order":0,"comment_status":"closed","ping_status":"open","template":"","meta":{"footnotes":""},"class_list":["post-64","page","type-page","status-publish","hentry"],"_links":{"self":[{"href":"https:\/\/www.velketresne.cz\/index.php?rest_route=\/wp\/v2\/pages\/64","targetHints":{"allow":["GET"]}}],"collection":[{"href":"https:\/\/www.velketresne.cz\/index.php?rest_route=\/wp\/v2\/pages"}],"about":[{"href":"https:\/\/www.velketresne.cz\/index.php?rest_route=\/wp\/v2\/types\/page"}],"author":[{"embeddable":true,"href":"https:\/\/www.velketresne.cz\/index.php?rest_route=\/wp\/v2\/users\/1"}],"replies":[{"embeddable":true,"href":"https:\/\/www.velketresne.cz\/index.php?rest_route=%2Fwp%2Fv2%2Fcomments&post=64"}],"version-history":[{"count":5,"href":"https:\/\/www.velketresne.cz\/index.php?rest_route=\/wp\/v2\/pages\/64\/revisions"}],"predecessor-version":[{"id":794,"href":"https:\/\/www.velketresne.cz\/index.php?rest_route=\/wp\/v2\/pages\/64\/revisions\/794"}],"wp:attachment":[{"href":"https:\/\/www.velketresne.cz\/index.php?rest_route=%2Fwp%2Fv2%2Fmedia&parent=64"}],"curies":[{"name":"wp","href":"https:\/\/api.w.org\/{rel}","templated":true}]}}