{"id":478,"date":"2018-09-06T08:42:03","date_gmt":"2018-09-06T06:42:03","guid":{"rendered":"http:\/\/www.velketresne.cz\/?page_id=478"},"modified":"2020-05-25T12:27:44","modified_gmt":"2020-05-25T10:27:44","slug":"informace-o-zpracovani-udaju","status":"publish","type":"page","link":"https:\/\/www.velketresne.cz\/?page_id=478","title":{"rendered":"Informace o zpracov\u00e1n\u00ed \u00fadaj\u016f"},"content":{"rendered":"<p><a href=\"http:\/\/www.velketresne.cz\/wp-content\/uploads\/2020\/05\/Informace.pdf\">Informace<\/a><\/p>\n<p><a href=\"http:\/\/www.velketresne.cz\/wp-content\/uploads\/2018\/09\/\u017d\u00c1DOST-O-P\u0158\u00cdSTUP-K-OSOBN\u00cdM-\u00daDAJ\u016eM.pdf\">\u017d\u00e1dost o p\u0159\u00edstup k osobn\u00edm \u00fadaj\u016fm<\/a><\/p>\n","protected":false},"excerpt":{"rendered":"<p>Informace \u017d\u00e1dost o p\u0159\u00edstup k osobn\u00edm \u00fadaj\u016fm<\/p>\n","protected":false},"author":1,"featured_media":0,"parent":0,"menu_order":0,"comment_status":"closed","ping_status":"closed","template":"","meta":{"footnotes":""},"class_list":["post-478","page","type-page","status-publish","hentry"],"_links":{"self":[{"href":"https:\/\/www.velketresne.cz\/index.php?rest_route=\/wp\/v2\/pages\/478","targetHints":{"allow":["GET"]}}],"collection":[{"href":"https:\/\/www.velketresne.cz\/index.php?rest_route=\/wp\/v2\/pages"}],"about":[{"href":"https:\/\/www.velketresne.cz\/index.php?rest_route=\/wp\/v2\/types\/page"}],"author":[{"embeddable":true,"href":"https:\/\/www.velketresne.cz\/index.php?rest_route=\/wp\/v2\/users\/1"}],"replies":[{"embeddable":true,"href":"https:\/\/www.velketresne.cz\/index.php?rest_route=%2Fwp%2Fv2%2Fcomments&post=478"}],"version-history":[{"count":8,"href":"https:\/\/www.velketresne.cz\/index.php?rest_route=\/wp\/v2\/pages\/478\/revisions"}],"predecessor-version":[{"id":705,"href":"https:\/\/www.velketresne.cz\/index.php?rest_route=\/wp\/v2\/pages\/478\/revisions\/705"}],"wp:attachment":[{"href":"https:\/\/www.velketresne.cz\/index.php?rest_route=%2Fwp%2Fv2%2Fmedia&parent=478"}],"curies":[{"name":"wp","href":"https:\/\/api.w.org\/{rel}","templated":true}]}}