{"id":215,"date":"2017-05-01T19:24:21","date_gmt":"2017-05-01T17:24:21","guid":{"rendered":"http:\/\/www.velketresne.cz\/?page_id=215"},"modified":"2019-08-23T10:00:00","modified_gmt":"2019-08-23T08:00:00","slug":"podani-informaci","status":"publish","type":"page","link":"https:\/\/www.velketresne.cz\/?page_id=215","title":{"rendered":"Pod\u00e1n\u00ed informac\u00ed"},"content":{"rendered":"<p><a href=\"http:\/\/www.velketresne.cz\/wp-content\/uploads\/2018\/09\/604898377_1_TYDEN_PESTOUNSTVI_NA_VYSKU-1.pdf\">Kraj Vyso\u010dina T\u00fdden p\u011bstounstv\u00ed<\/a><\/p>\n<p><a href=\"http:\/\/www.velketresne.cz\/wp-content\/uploads\/2019\/08\/Odpov\u011b\u010f-na-\u017e\u00e1dost-ze-dne-20.8.2019.docx\">Pod\u00e1n\u00ed informac\u00ed podle z\u00e1kona 106\/1999 Sb., \u017e\u00e1dost ze dne 20. 8. 2019<\/a><\/p>\n<p><a href=\"http:\/\/www.velketresne.cz\/wp-content\/uploads\/2017\/05\/scan-1-1.jpg\">Pod\u00e1n\u00ed informac\u00ed podle z\u00e1kona 106\/1999 Sb., \u017e\u00e1dost ze dne 21. 6. 2017<\/a><\/p>\n<p><a href=\"http:\/\/www.velketresne.cz\/wp-content\/uploads\/2017\/05\/Poskytnut\u00ed-informace-vyvesen.pdf\">Pod\u00e1n\u00ed informac\u00ed podle z\u00e1kona 106\/1999 Sb., \u017e\u00e1dost ze dne 25. 3. 2017<\/a><\/p>\n","protected":false},"excerpt":{"rendered":"<p>Kraj Vyso\u010dina T\u00fdden p\u011bstounstv\u00ed Pod\u00e1n\u00ed informac\u00ed podle z\u00e1kona 106\/1999 Sb., \u017e\u00e1dost ze dne 20. 8. 2019 Pod\u00e1n\u00ed informac\u00ed podle z\u00e1kona 106\/1999 Sb., \u017e\u00e1dost ze dne 21. 6. 2017 Pod\u00e1n\u00ed informac\u00ed&hellip;<\/p>\n","protected":false},"author":1,"featured_media":0,"parent":0,"menu_order":0,"comment_status":"closed","ping_status":"closed","template":"","meta":{"footnotes":""},"class_list":["post-215","page","type-page","status-publish","hentry"],"_links":{"self":[{"href":"https:\/\/www.velketresne.cz\/index.php?rest_route=\/wp\/v2\/pages\/215","targetHints":{"allow":["GET"]}}],"collection":[{"href":"https:\/\/www.velketresne.cz\/index.php?rest_route=\/wp\/v2\/pages"}],"about":[{"href":"https:\/\/www.velketresne.cz\/index.php?rest_route=\/wp\/v2\/types\/page"}],"author":[{"embeddable":true,"href":"https:\/\/www.velketresne.cz\/index.php?rest_route=\/wp\/v2\/users\/1"}],"replies":[{"embeddable":true,"href":"https:\/\/www.velketresne.cz\/index.php?rest_route=%2Fwp%2Fv2%2Fcomments&post=215"}],"version-history":[{"count":7,"href":"https:\/\/www.velketresne.cz\/index.php?rest_route=\/wp\/v2\/pages\/215\/revisions"}],"predecessor-version":[{"id":592,"href":"https:\/\/www.velketresne.cz\/index.php?rest_route=\/wp\/v2\/pages\/215\/revisions\/592"}],"wp:attachment":[{"href":"https:\/\/www.velketresne.cz\/index.php?rest_route=%2Fwp%2Fv2%2Fmedia&parent=215"}],"curies":[{"name":"wp","href":"https:\/\/api.w.org\/{rel}","templated":true}]}}